{"id":12,"date":"2013-11-15T15:41:11","date_gmt":"2013-11-15T13:41:11","guid":{"rendered":"http:\/\/gerig.de\/de\/?page_id=12"},"modified":"2018-04-19T12:30:09","modified_gmt":"2018-04-19T10:30:09","slug":"wegbeschreibung","status":"publish","type":"page","link":"https:\/\/gerig.de\/de\/wegbeschreibung\/","title":{"rendered":"Wegbeschreibung"},"content":{"rendered":"<h3><strong>Wegbeschreibung<\/strong><\/h3>\n<p style=\"text-align: center\"><div id=\"lmm_07dee3fd\" style=\"width:768px;\" class=\"mapsmarker markermap marker-1\">\n<div id=\"lmm_map_07dee3fd\" class=\"lmm-map\" style=\"background:#f6f6f6;border:1px solid #ccc;height:400px; overflow:hidden;padding:0;\"><p style=\"font-size:80%;color:#9f9e9e;margin-left:5px;\">Karte wird geladen - bitte warten...<noscript><br\/><strong>Karte konnte nicht geladen werden - bitte aktivieren Sie Javascript!<\/strong><br\/><a style=\"text-decoration:none;\" href=\"https:\/\/www.mapsmarker.com\/js-disabled\" target=\"_blank\">&rarr; mehr Informationen<\/a><\/noscript><\/p><\/div>\n<div id=\"lmm_geo_tags_07dee3fd\" class=\"lmm-geo-tags geo\">\n<span class=\"paneltext\">Musikverlage Hans Gerig KG<\/span>\n<span class=\"latitude\">50.956577<\/span>, <span class=\"longitude\">7.140049<\/span>\n<span class=\"popuptext\"><\/span>\n<\/div>\n<script type=\"text\/javascript\">\n\/* Maps created with Leaflet Maps Marker - #1 mapping plugin for WordPress (www.mapsmarker.com) *\/\nvar markermap_1 = {};\n(function($) {\nmarkermap_1 = new L.Map(\"lmm_map_07dee3fd\", { dragging: true, touchZoom: true, scrollWheelZoom: true, doubleClickZoom: true, boxzoom: true, trackResize: true, worldCopyJump: true, closePopupOnClick: true, keyboard: true, keyboardPanOffset: 80, keyboardZoomOffset: 1, inertia: true, inertiaDeceleration: 3000, inertiaMaxSpeed: 1500, zoomControl: true, crs: L.CRS.EPSG3857});\nmarkermap_1.attributionControl.setPrefix(\"<a href=\\\"https:\/\/www.mapsmarker.com\/go\\\" target=\\\"_blank\\\" title=\\\"Leaflet Maps Marker f\u00fcr WordPress - hilft Ihnen dabei Ihre Lieblingspl\u00e4tze &amp; Routen auf vielf\u00e4ltigste Art und Weise im Web darzustellen\\\">MapsMarker.com<\/a> (<a href=\\\"http:\/\/www.leafletjs.com\\\" target=\\\"_blank\\\" title=\\\"Leaflet Maps Marker basiert auf Leaflet.js von Vladimir Agafonkin\\\">Leaflet<\/a>\/<a href=\\\"https:\/\/mapicons.mapsmarker.com\\\" target=\\\"_blank\\\" title=\\\"Leaflet Maps Marker verwendet Icons der Map Icons Collection von Nicolas Mollet\\\">icons<\/a>)\");\nmarkermap_1._layersMaxZoom = 21;\nvar osm_mapnik = new L.TileLayer(\"https:\/\/{s}.tile.openstreetmap.org\/{z}\/{x}\/{y}.png\", {maxZoom: 21, maxNativeZoom: 19, minZoom: 1, errorTileUrl: \"https:\/\/gerig.de\/de\/wp-content\/plugins\/leaflet-maps-marker\/inc\/img\/error-tile-image.png\", attribution: \"Karte: &copy; <a href=\\\"https:\/\/www.openstreetmap.org\/copyright\\\" target=\\\"_blank\\\">OpenStreetMap-Mitwirkende<\/a>&nbsp;(<a href=\\\"https:\/\/www.openstreetmap.org\/edit?editor=id&amp;lat=50.956577&amp;lon=7.140049&zoom=16\\\" target=\\\"_blank\\\" title=\\\"Helfen Sie OpenStreetMap.org das Kartenmaterial zu verbessern\\\">bearbeiten<\/a>)\", detectRetina: true});\nvar stamen_terrain = new L.TileLayer(\"https:\/\/stamen-tiles-{s}.a.ssl.fastly.net\/terrain\/{z}\/{x}\/{y}.png\", {maxZoom: 21, maxNativeZoom: 18, minZoom: 1, errorTileUrl: \"https:\/\/gerig.de\/de\/wp-content\/plugins\/leaflet-maps-marker\/inc\/img\/error-tile-image.png\", attribution: \"<a target=\\\"_blank\\\" href=\\\"http:\/\/maps.stamen.com\/\\\">Kartenkacheln<\/a>: <a target=\\\"_blank\\\" href=\\\"http:\/\/stamen.com\\\">Stamen Design<\/a>, <a target=\\\"_blank\\\" href=\\\"https:\/\/creativecommons.org\/licenses\/by\/3.0\\\">CC BY 3.0<\/a>, Daten &copy <a target=\\\"blank\\\" href=\\\"https:\/\/www.openstreetmap.org\/copyright\\\">OpenStreetMap-Mitwirkende<\/a>&nbsp;(<a href=\\\"https:\/\/www.openstreetmap.org\/edit?editor=id&amp;lat=50.956577&amp;lon=7.140049&zoom=16\\\" target=\\\"_blank\\\" title=\\\"Helfen Sie OpenStreetMap.org das Kartenmaterial zu verbessern\\\">bearbeiten<\/a>)\", detectRetina: true});\nvar stamen_toner = new L.TileLayer(\"https:\/\/stamen-tiles-{s}.a.ssl.fastly.net\/toner\/{z}\/{x}\/{y}.png\", {maxZoom: 21, maxNativeZoom: 20, minZoom: 1, errorTileUrl: \"https:\/\/gerig.de\/de\/wp-content\/plugins\/leaflet-maps-marker\/inc\/img\/error-tile-image.png\", attribution: \"<a target=\\\"_blank\\\" href=\\\"http:\/\/maps.stamen.com\/\\\">Kartenkacheln<\/a>: <a target=\\\"_blank\\\" href=\\\"http:\/\/stamen.com\\\">Stamen Design<\/a>, <a target=\\\"_blank\\\" href=\\\"https:\/\/creativecommons.org\/licenses\/by\/3.0\\\">CC BY 3.0<\/a>, Daten &copy <a target=\\\"blank\\\" href=\\\"https:\/\/www.openstreetmap.org\/copyright\\\">OpenStreetMap-Mitwirkende<\/a>&nbsp;(<a href=\\\"https:\/\/www.openstreetmap.org\/edit?editor=id&amp;lat=50.956577&amp;lon=7.140049&zoom=16\\\" target=\\\"_blank\\\" title=\\\"Helfen Sie OpenStreetMap.org das Kartenmaterial zu verbessern\\\">bearbeiten<\/a>)\", detectRetina: true});\nvar stamen_watercolor = new L.TileLayer(\"https:\/\/stamen-tiles-{s}.a.ssl.fastly.net\/watercolor\/{z}\/{x}\/{y}.jpg\", {maxZoom: 21, maxNativeZoom: 18, minZoom: 1, errorTileUrl: \"https:\/\/gerig.de\/de\/wp-content\/plugins\/leaflet-maps-marker\/inc\/img\/error-tile-image.png\", attribution: \"<a target=\\\"_blank\\\" href=\\\"http:\/\/maps.stamen.com\/\\\">Kartenkacheln<\/a>: <a target=\\\"_blank\\\" href=\\\"http:\/\/stamen.com\\\">Stamen Design<\/a>, <a target=\\\"_blank\\\" href=\\\"https:\/\/creativecommons.org\/licenses\/by\/3.0\\\">CC BY 3.0<\/a>, Daten &copy <a target=\\\"blank\\\" href=\\\"https:\/\/www.openstreetmap.org\/copyright\\\">OpenStreetMap-Mitwirkende<\/a>&nbsp;(<a href=\\\"https:\/\/www.openstreetmap.org\/edit?editor=id&amp;lat=50.956577&amp;lon=7.140049&zoom=16\\\" target=\\\"_blank\\\" title=\\\"Helfen Sie OpenStreetMap.org das Kartenmaterial zu verbessern\\\">bearbeiten<\/a>)\", detectRetina: true});\nvar googleLayer_roadmap = new L.Google(\"ROADMAP\", {detectRetina: true});\nvar googleLayer_satellite = new L.Google(\"SATELLITE\", {detectRetina: true});\nvar googleLayer_hybrid = new L.Google(\"HYBRID\", {detectRetina: true});\nvar googleLayer_terrain = new L.Google(\"TERRAIN\", {detectRetina: true});\nvar ogdwien_basemap = new L.TileLayer(\"https:\/\/{s}.wien.gv.at\/basemap\/geolandbasemap\/normal\/google3857\/{z}\/{y}\/{x}.png\", {maxZoom: 21, maxNativeZoom: 19, minZoom: 1, attribution: \"Karte: <a href=\\\"https:\/\/www.basemap.at\\\" target=\\\"_blank\\\" style=\\\"\\\">basemap.at<\/a>\", subdomains: [\"maps1\", \"maps2\", \"maps3\", \"maps4\"], detectRetina: true});\nvar ogdwien_satellite = new L.TileLayer(\"https:\/\/{s}.wien.gv.at\/basemap\/bmaporthofoto30cm\/normal\/google3857\/{z}\/{y}\/{x}.jpeg\", {maxZoom: 21, maxNativeZoom: 19, minZoom: 1, attribution: \"Karte: <a href=\\\"https:\/\/www.basemap.at\\\" target=\\\"_blank\\\" style=\\\"\\\">basemap.at<\/a>\", subdomains: [\"maps1\", \"maps2\", \"maps3\", \"maps3\"], detectRetina: true});\nvar mapbox = new L.TileLayer(\"https:\/\/{s}.tiles.mapbox.com\/v3\/mapbox.blue-marble-topo-jul\/{z}\/{x}\/{y}.png\", {minZoom: 0, maxZoom: 21, maxNativeZoom: 8, errorTileUrl: \"https:\/\/gerig.de\/de\/wp-content\/plugins\/leaflet-maps-marker\/inc\/img\/error-tile-image.png\", attribution: \"MapBox\/NASA, <a href=\\\"http:\/\/www.mapbox.com\\\">http:\/\/www.mapbox.com<\/a>\", subdomains: [\"a\",\"b\",\"c\",\"d\"], detectRetina: true});\nvar mapbox2 = new L.TileLayer(\"https:\/\/{s}.tiles.mapbox.com\/v3\/mapbox.geography-class\/{z}\/{x}\/{y}.png\", {minZoom: 0, maxZoom: 21, maxNativeZoom: 8, errorTileUrl: \"https:\/\/gerig.de\/de\/wp-content\/plugins\/leaflet-maps-marker\/inc\/img\/error-tile-image.png\", attribution: \"MapBox, <a href=\\\"http:\/\/www.mapbox.com\\\">http:\/\/www.mapbox.com<\/a>\", subdomains: [\"a\",\"b\",\"c\",\"d\"], detectRetina: true});\nvar mapbox3 = new L.TileLayer(\"https:\/\/{s}.tiles.mapbox.com\/v3\/mapbox.mapbox-streets\/{z}\/{x}\/{y}.png\", {minZoom: 0, maxZoom: 21, maxNativeZoom: 17, errorTileUrl: \"https:\/\/gerig.de\/de\/wp-content\/plugins\/leaflet-maps-marker\/inc\/img\/error-tile-image.png\", attribution: \"MapBox, <a href=\\\"http:\/\/www.mapbox.com\\\">http:\/\/www.mapbox.com<\/a>\", subdomains: [\"a\",\"b\",\"c\",\"d\"], detectRetina: true});\nvar custom_basemap = new L.TileLayer(\"http:\/\/tile.opencyclemap.org\/cycle\/{z}\/{x}\/{y}.png\", {maxZoom: 21, maxNativeZoom: 17, minZoom: 1, tms: false, errorTileUrl: \"https:\/\/gerig.de\/de\/wp-content\/plugins\/leaflet-maps-marker\/inc\/img\/error-tile-image.png\", attribution: \"Karte: \u00a9 <a href=\\\"http:\/\/openstreetmap.org\/\\\">OpenStreetMap contributors<\/a>, <a href=\\\"http:\/\/creativecommons.org\/licenses\/by-sa\/2.0\/\\\">CC-BY-SA<\/a>\", continuousWorld: false, noWrap: false, detectRetina: true});\nvar custom_basemap2 = new L.TileLayer(\"http:\/\/tile.stamen.com\/watercolor\/{z}\/{x}\/{y}.jpg\", {maxZoom: 21, maxNativeZoom: 17, minZoom: 1, tms: false, errorTileUrl: \"https:\/\/gerig.de\/de\/wp-content\/plugins\/leaflet-maps-marker\/inc\/img\/error-tile-image.png\", attribution: \"Karte: Map tiles: <a href=\\\"http:\/\/stamen.com\\\">Stamen Design<\/a>, <a href=\\\"http:\/\/creativecommons.org\/licenses\/by\/3.0\\\">CC BY 3.0<\/a>. Data: <a href=\\\"http:\/\/openstreetmap.org\\\">OpenStreetMap<\/a>, <a href=\\\"http:\/\/creativecommons.org\/licenses\/by-sa\/3.0\\\">CC BY SA<\/a>\", continuousWorld: false, noWrap: false, detectRetina: true});\nvar custom_basemap3 = new L.TileLayer(\"http:\/\/{s}.tile2.opencyclemap.org\/transport\/{z}\/{x}\/{y}.png\", {maxZoom: 21, maxNativeZoom: 18, minZoom: 1, tms: false, errorTileUrl: \"https:\/\/gerig.de\/de\/wp-content\/plugins\/leaflet-maps-marker\/inc\/img\/error-tile-image.png\", attribution: \"Karte: \u00a9 Gravitystorm Ltd. <a href=\\\"http:\/\/www.thunderforest.com\\\">Thunderforest<\/a>\", subdomains: [\"a\", \"b\", \"c\"], continuousWorld: false, noWrap: false, detectRetina: true});\nvar empty_basemap = new L.TileLayer(\"\");\nvar overlays_custom = new L.TileLayer(\"http:\/\/{s}.wien.gv.at\/wmts\/beschriftung\/normal\/google3857\/{z}\/{y}\/{x}.png\", {tms: false, errorTileUrl: \"https:\/\/gerig.de\/de\/wp-content\/plugins\/leaflet-maps-marker\/inc\/img\/error-tile-image.png\", attribution: \"Addresses: City of Vienna (<a href=\\\"http:\/\/data.wien.gv.at\\\">data.wien.gv.at<\/a>)\", opacity: 1, maxZoom: 21, maxNativeZoom: 19, minZoom: 1, subdomains: [\"maps\", \"maps1\", \"maps2\", \"maps3\"], detectRetina: true});\nvar overlays_custom2 = new L.TileLayer(\"http:\/\/{s}.wien.gv.at\/wmts\/beschriftung\/normal\/google3857\/{z}\/{y}\/{x}.png\", {tms: false, errorTileUrl: \"https:\/\/gerig.de\/de\/wp-content\/plugins\/leaflet-maps-marker\/inc\/img\/error-tile-image.png\", attribution: \"Addresses: City of Vienna (<a href=\\\"http:\/\/data.wien.gv.at\\\">data.wien.gv.at<\/a>)\", opacity: 1, maxZoom: 21, maxNativeZoom: 17, minZoom: 1, subdomains: [\"maps\", \"maps1\", \"maps2\", \"maps3\"], detectRetina: true});\nvar overlays_custom3 = new L.TileLayer(\"http:\/\/{s}.wien.gv.at\/wmts\/beschriftung\/normal\/google3857\/{z}\/{y}\/{x}.png\", {tms: false, errorTileUrl: \"https:\/\/gerig.de\/de\/wp-content\/plugins\/leaflet-maps-marker\/inc\/img\/error-tile-image.png\", attribution: \"Addresses: City of Vienna (<a href=\\\"http:\/\/data.wien.gv.at\\\">data.wien.gv.at<\/a>)\", opacity: 1, maxZoom: 21, maxNativeZoom: 17, minZoom: 1, subdomains: [\"maps\", \"maps1\", \"maps2\", \"maps3\"], detectRetina: true});\nvar overlays_custom4 = new L.TileLayer(\"http:\/\/{s}.wien.gv.at\/wmts\/beschriftung\/normal\/google3857\/{z}\/{y}\/{x}.png\", {tms: false, errorTileUrl: \"https:\/\/gerig.de\/de\/wp-content\/plugins\/leaflet-maps-marker\/inc\/img\/error-tile-image.png\", attribution: \"Addresses: City of Vienna (<a href=\\\"http:\/\/data.wien.gv.at\\\">data.wien.gv.at<\/a>)\", opacity: 1, maxZoom: 21, maxNativeZoom: 17, minZoom: 1, subdomains: [\"maps\", \"maps1\", \"maps2\", \"maps3\"], detectRetina: true});\nvar layersControl_markermap_1 = new L.Control.Layers(\n{'OpenStreetMap': osm_mapnik,'Stamen Terrain': stamen_terrain,'Stamen Toner': stamen_toner,'Stamen Watercolor': stamen_watercolor,'Google Maps (Karte)': googleLayer_roadmap,'Google Maps (Satellit)': googleLayer_satellite,'Google Maps (gemischt)': googleLayer_hybrid,'Google Maps (Gel\u00e4nde)': googleLayer_terrain,'Open Cycle Map': custom_basemap,'Stamen Watercolor': custom_basemap2,'Transport Map': custom_basemap3},\n{},\n{ collapsed: true } );\nmarkermap_1.setView(new L.LatLng(50.956577, 7.140049), 16);\nmarkermap_1.addLayer(osm_mapnik).addControl(layersControl_markermap_1);\nvar scale_markermap_1 = L.control.scale({position:'bottomleft', maxWidth: 100, metric: true, imperial: true, updateWhenIdle: false});\nscale_markermap_1.addTo(markermap_1);\nvar marker_markermap_1 = new L.Marker(new L.LatLng(50.956577, 7.140049),{ title: 'Musikverlage Hans Gerig KG',  opacity: 1});\nmarker_markermap_1.options.icon = new L.Icon({iconUrl: 'https:\/\/gerig.de\/de\/wp-content\/plugins\/leaflet-maps-marker\/leaflet-dist\/images\/marker.png',iconSize: [32, 37],iconAnchor: [17, 36],popupAnchor: [-1, -32],shadowUrl: 'https:\/\/gerig.de\/de\/wp-content\/plugins\/leaflet-maps-marker\/leaflet-dist\/images\/marker-shadow.png',shadowSize: [41, 41],shadowAnchor: [16, 43],className: 'lmm_marker_icon_default'});\nmarkermap_1.addLayer(marker_markermap_1);\nmarker_markermap_1.bindPopup(\"<div class='popup-directions' style=''>Frankenforster Stra\u00dfe 21-25, 51427, Bergisch Gladbach, Deutschland (<a href=http:\/\/maps.google.com\/maps?daddr=Frankenforster+Stra%C3%9Fe+21-25%2C+51427%2C+Bergisch+Gladbach%2C+Deutschland&t=m&layer=1&doflg=ptk&om=0 target='_blank' title='Wegbeschreibung berechnen'>Routenplaner<\/a>)<\/div>\", {maxWidth: 300, minWidth: 250, maxHeight: 160, autoPan: true, closeButton: true, autoPanPadding: new L.Point(5, 5)});\n})(jQuery);\njQuery(document).ready( function($) {\r\nfunction resizeMap() {\r\n\tvar map = jQuery('#lmm_07dee3fd');\r\n\t\tvar map_parent_size = jQuery('#lmm_07dee3fd').parent().width();\r\n\tif( (map_parent_size >0) && (map_parent_size < 768) ) {\r\n\t\tmap.css({ 'width': '100%'});\n\t\tmarkermap_1.invalidateSize();\r\n\t}\n}\r\nresizeMap();\nif (typeof jQuery().modal == 'function') {\r\n\t\tmarkermap_1.invalidateSize();\r\n\t\tjQuery('a[data-toggle=\"tab\"],.tabbed-area a,.nav-tabs a').on('shown.bs.tab', function (e) {\r\n\t\t\tmarkermap_1.invalidateSize();\r\n\t\t});\r\n\t}\r\n\tif (typeof jQuery.ui != 'undefined') {\r\n\tmarkermap_1.invalidateSize();\r\n\tjQuery('.ui-tabs').on('tabsactivate', function(event, ui) {\r\n\t\tmarkermap_1.invalidateSize();\r\n\t});\r\n}\r\nif (typeof jQuery.mobile != 'undefined') {\r\n\tjQuery(document).bind('pageinit', function( event, data ){\r\n\t\tmarkermap_1.invalidateSize();\r\n\t});\n}\n});\n<\/script>\n<\/div><\/p>\n<hr \/>\n<h3>So finden Sie zu uns:<\/h3>\n<p><strong>Musikverlage Hans Gerig KG<\/strong><br \/>\nFrankenforster Strasse 21-25<br \/>\n51427 Bergisch Gladbach<\/p>\n<p>Telefon +49 2204 2003-0<br \/>\nTelefax +49 2204 2003-33<\/p>\n<h3><\/h3>\n<h3><\/h3>\n<h3>Mit den \u00f6ffentlichen Verkehrsmitteln:<\/h3>\n<p>Fahren sie mit der Deutschen Bundesbahn bis Bahnhof K\u00f6ln-Deutz. Dort k\u00f6nnen sie in die U-Bahn Linie 1 in Richtung &#8218;Bensberg&#8216; umsteigen. Steigen sie (nach ca. 20 Minuten) an der Haltestelle &#8218;Frankenforst&#8216; aus. Von dort gehen sie ca. 10 Minuten weiter zu Fuss: In Fahrtrichtung den Bahnsteig entlang und nach rechts in die Strasse einbiegen, geradeaus bis zum Rondell (mit dem Briefkasten), am Briefkasten rechts in die Parkstrasse einbiegen und bis zur n\u00e4chsten Querstrasse gehen, links in die Buchenallee einbiegen, geradeaus bis zur Fu\u00dfg\u00e4ngerampel gehen und hinter der Ampel schr\u00e4g weiter \u00fcber den Parkplatz. Das B\u00fcrogeb\u00e4ude (&#8218;Maltesergeb\u00e4ude&#8216;) hinter dem Parkplatz ist unser Firmensitz.<\/p>\n<h3>Mit dem Auto:<\/h3>\n<p><strong>Aus Richtung Frankfurt a. M.:<\/strong><br \/>\nFahren sie die Autobahn A3 von Frankfurt Richtung K\u00f6ln. Am Kreuz K\u00f6ln-Ost wechseln sie auf die A4 in Richtung Olpe\/Gummersbach. Nehmen sie die Abfahrt Bensberg\/Frankenforst \u00a0und biegen sie rechts auf die Frankenforster Strasse. Fahren sie geradeaus \u00fcber die Ampelkreuzung. Nach ca. 500 m hinter der Fu\u00dfg\u00e4ngerampel rechts hinter dem Aldi auf den Parkplatz fahren. Bis zum Ende des Parkplatzes durchfahren und dort parken. Das B\u00fcrogeb\u00e4ude hinter der Halle ist unser Firmensitz.<\/p>\n<p><strong>Aus Richtung Gummersbach\/Olpe:<\/strong><br \/>\nFahren sie die Autobahn A4 von Gummersbach\/Olpe in Richtung K\u00f6ln. Am Kreuz K\u00f6ln-Ost der A4 weiter folgen Richtung K\u00f6ln. Nehmen sie die Abfahrt Bensberg\/Frankenforst und fahren sie links auf die Frankenforster Strasse. Fahren sie geradeaus \u00fcber die Ampelkreuzung. Nach ca. 500 m hinter der Fu\u00dfg\u00e4ngerampel rechts hinter dem Aldi auf den Parkplatz fahren. Bis zum Ende des Parkplatzes durchfahren und dort parken. Das B\u00fcrogeb\u00e4ude hinter der Halle ist unser Firmensitz.<\/p>\n<p><strong>Aus Richtung Dortmund:<\/strong><br \/>\nFahren sie die Autobahn A1 von Dortmund in Richtung Leverkusen. Am Leverkusener Kreuz wechseln sie auf die A3 Richtung K\u00f6ln. Am Kreuz K\u00f6ln-Ost wechseln sie auf die A4 Richtung K\u00f6ln. Nehmen sie die Abfahrt Bensberg\/Frankenforst und fahren sie links auf die Frankenforster Strasse. Fahren sie geradeaus \u00fcber die Ampelkreuzung. Nach ca. 500 m hinter der Fu\u00dfg\u00e4ngerampel rechts hinter dem Aldi auf den Parkplatz fahren. Bis zum Ende des Parkplatzes durchfahren und dort parken. Das B\u00fcrogeb\u00e4ude hinter der Halle ist unser Firmensitz.<\/p>\n","protected":false},"excerpt":{"rendered":"<p>Wegbeschreibung So finden Sie zu uns: Musikverlage Hans Gerig KG Frankenforster Strasse 21-25 51427 Bergisch Gladbach Telefon +49 2204 2003-0 Telefax +49 2204 2003-33 Mit den \u00f6ffentlichen Verkehrsmitteln: Fahren sie mit der Deutschen Bundesbahn bis Bahnhof K\u00f6ln-Deutz. Dort k\u00f6nnen sie in die U-Bahn Linie 1 in Richtung &#8218;Bensberg&#8216; umsteigen. Steigen sie (nach ca. 20 Minuten) [&hellip;]<\/p>\n","protected":false},"author":1,"featured_media":0,"parent":0,"menu_order":0,"comment_status":"closed","ping_status":"open","template":"","meta":{"footnotes":""},"class_list":["post-12","page","type-page","status-publish","hentry"],"_links":{"self":[{"href":"https:\/\/gerig.de\/de\/wp-json\/wp\/v2\/pages\/12","targetHints":{"allow":["GET"]}}],"collection":[{"href":"https:\/\/gerig.de\/de\/wp-json\/wp\/v2\/pages"}],"about":[{"href":"https:\/\/gerig.de\/de\/wp-json\/wp\/v2\/types\/page"}],"author":[{"embeddable":true,"href":"https:\/\/gerig.de\/de\/wp-json\/wp\/v2\/users\/1"}],"replies":[{"embeddable":true,"href":"https:\/\/gerig.de\/de\/wp-json\/wp\/v2\/comments?post=12"}],"version-history":[{"count":4,"href":"https:\/\/gerig.de\/de\/wp-json\/wp\/v2\/pages\/12\/revisions"}],"predecessor-version":[{"id":1416,"href":"https:\/\/gerig.de\/de\/wp-json\/wp\/v2\/pages\/12\/revisions\/1416"}],"wp:attachment":[{"href":"https:\/\/gerig.de\/de\/wp-json\/wp\/v2\/media?parent=12"}],"curies":[{"name":"wp","href":"https:\/\/api.w.org\/{rel}","templated":true}]}}