{"id":14,"date":"2013-11-15T15:41:27","date_gmt":"2013-11-15T13:41:27","guid":{"rendered":"http:\/\/gerig.de\/de\/?page_id=14"},"modified":"2022-06-29T12:17:23","modified_gmt":"2022-06-29T10:17:23","slug":"sync-rights","status":"publish","type":"page","link":"https:\/\/gerig.de\/de\/sync-rights\/","title":{"rendered":"Sync-Rights"},"content":{"rendered":"<h3><strong>Sync-Rights<\/strong><\/h3>\n<p>\u00a0<\/p>\n<p style=\"text-align: left\">Erst die passende Musik erweckt Bilder zum Leben. Dies gilt f\u00fcr Film und Fernsehen, aber nat\u00fcrlich auch f\u00fcr\u00a0Werbung und Spiele.<br \/>Unser Team ist mit seiner langj\u00e4hrigen Erfahrung gerne bereit Sie professionell bei der Songauswahl nach\u00a0Ihren Vorgaben und W\u00fcnschen zu beraten. Dazu geh\u00f6rt neben der projektbezogenen Titelsuche auch im\u00a0Bedarfsfalle ein gezieltes Komponieren und Produzieren von ma\u00dfgeschneiderter Musik f\u00fcr Ihr Projekt.\u00a0Au\u00dferdem unterst\u00fctzen wir Sie gerne beim Ausf\u00fcllen der GEMA Formulare und bei der Kl\u00e4rung\u00a0der\u00a0Leistungsschutzrechte.<\/p>\n<p style=\"text-align: left\">Kurzum, Sie ben\u00f6tigen nur einen Ansprechpartner, um mit Sicherheit alle Rechte gekl\u00e4rt zu wissen.<\/p>\n<p><span style=\"color: #000000\"><strong>Frau Anita Bartholemy erreichen Sie unter:<\/strong><\/span><\/p>\n<p><span style=\"color: #000000\"><strong>Telefon: +49 (0)40-41 41 08-28<\/strong><\/span><br \/><span style=\"color: #000000\"> <strong> E-mail:\u00a0\u00a0<\/strong><a style=\"color: #000000\" href=\"mailto:anita.bartholemy@gerig.de\">anita.bartholemy(at)roba.com<\/a><\/span><\/p>\n\n\n<p><\/p>\n","protected":false},"excerpt":{"rendered":"<p>Sync-Rights \u00a0 Erst die passende Musik erweckt Bilder zum Leben. Dies gilt f\u00fcr Film und Fernsehen, aber nat\u00fcrlich auch f\u00fcr\u00a0Werbung und Spiele.Unser Team ist mit seiner langj\u00e4hrigen Erfahrung gerne bereit Sie professionell bei der Songauswahl nach\u00a0Ihren Vorgaben und W\u00fcnschen zu beraten. Dazu geh\u00f6rt neben der projektbezogenen Titelsuche auch im\u00a0Bedarfsfalle ein gezieltes Komponieren und Produzieren von [&hellip;]<\/p>\n","protected":false},"author":1,"featured_media":0,"parent":0,"menu_order":0,"comment_status":"closed","ping_status":"open","template":"","meta":{"footnotes":""},"class_list":["post-14","page","type-page","status-publish","hentry"],"_links":{"self":[{"href":"https:\/\/gerig.de\/de\/wp-json\/wp\/v2\/pages\/14","targetHints":{"allow":["GET"]}}],"collection":[{"href":"https:\/\/gerig.de\/de\/wp-json\/wp\/v2\/pages"}],"about":[{"href":"https:\/\/gerig.de\/de\/wp-json\/wp\/v2\/types\/page"}],"author":[{"embeddable":true,"href":"https:\/\/gerig.de\/de\/wp-json\/wp\/v2\/users\/1"}],"replies":[{"embeddable":true,"href":"https:\/\/gerig.de\/de\/wp-json\/wp\/v2\/comments?post=14"}],"version-history":[{"count":8,"href":"https:\/\/gerig.de\/de\/wp-json\/wp\/v2\/pages\/14\/revisions"}],"predecessor-version":[{"id":1910,"href":"https:\/\/gerig.de\/de\/wp-json\/wp\/v2\/pages\/14\/revisions\/1910"}],"wp:attachment":[{"href":"https:\/\/gerig.de\/de\/wp-json\/wp\/v2\/media?parent=14"}],"curies":[{"name":"wp","href":"https:\/\/api.w.org\/{rel}","templated":true}]}}