{"id":3,"date":"2013-11-15T15:42:23","date_gmt":"2013-11-15T13:42:23","guid":{"rendered":"http:\/\/gerig.de\/de\/?page_id=3"},"modified":"2022-06-29T12:19:39","modified_gmt":"2022-06-29T10:19:39","slug":"gerig","status":"publish","type":"page","link":"https:\/\/gerig.de\/de\/","title":{"rendered":"Startseite"},"content":{"rendered":"<div class=\"sz-video-main\" style=\"margin:0px 0px 12px 0px;\"><div class=\"sz-video-play\" style=\"display:block;width:770px;height:210px;\"><div class=\"sz-video-cont\" style=\"display:block;width:770px;height:210px;overflow:hidden;margin:0px 0px 12px 0px;\" ><div class=\"sz-video-wrap\" style=\"display:block;\" id =\"sz-video-cbad3ab958ee8ac2a127ac065ddb9460\"><div class=\"flowplayer\" data-ratio=\"0.5630\" style=\"background-color:#f1f1f1;background-image:url(https:\/\/www.gerig.de\/wp-content\/themes\/alma\/images\/coverimg.jpg);background-repeat:no-repeat;background-position:center center;background-size:100% 100%;\"><video preload=\"none\" autoplay=\"autoplay\" loop=\"loop\"><source type=\"video\/mp4\"  src=\"https:\/\/gerig.de\/wp-content\/uploads\/2013\/11\/video02.mp4\"\/><\/video><\/div><\/div><\/div><\/div><\/div>\n<p align=\"LEFT\">\n<h2 style=\"text-align: left\" align=\"LEFT\"><span style=\"color: #262626\"><b>Herzlich Willkommen<\/b><\/span><\/h2>\n<p align=\"LEFT\">\n<p style=\"text-align: left\" align=\"LEFT\"><span style=\"color: #262626\"><b>Die Musikverlage Hans Gerig KG<\/b><\/span><span style=\"color: #262626\"> geh\u00f6ren zu den unabh\u00e4ngigen Musikverlagen Deutschlands. 1946 wurden sie von Dr. Hans Gerig gegr\u00fcndet. 1978 \u00fcbernahm G\u00fcnter Ilgner die Firma. Seitdem befindet der Verlag sich in Familienbesitz. \u00dcber<\/span><span style=\"color: #000000\"><span lang=\"de-DE\"> 30.000 Copyrights sind bei den Musikverlagen Hans Gerig verlegt. Sie umfassen zahlreiche Stilrichtungen von Schlager, Stimmung und Karneval, \u00fcber Rock und Pop bis hin zu Klassik. Zu der Verlagsgruppe Gerig geh\u00f6ren \u00fcber 25 Einzelverlage<\/span><\/span><span style=\"color: #000000\"><span lang=\"de-DE\"><i>. <\/i><\/span><\/span><span style=\"color: #000000\"><span lang=\"de-DE\">Das umfangreiche Sortiment der Verlagsgruppe Gerig an Noten- und Musikliteratur reicht von Einzel- und Orchesterausgaben \u00fcber Instrumentalschulen bis zu Musikfachb\u00fcchern und mannigfaltigen Songb\u00fcchern. Ein hausinterner Vertrieb ist f\u00fcr den Verkauf zust\u00e4ndig.<\/span><\/span><\/p>\n<p style=\"text-align: left\" align=\"LEFT\"><span style=\"color: #262626\"><b>Die CARLTON Musikvertrieb GmbH\u00a0<\/b><\/span><span style=\"color: #262626\">\u2028ist ein Unternehmen der Verlagsgruppe Gerig. Die Schallplattenfirma wurde 1991 gegr\u00fcndet und g<\/span><span style=\"color: #000000\"><span lang=\"de-DE\">ew\u00e4hrleistet den bestm\u00f6glichen Vertrieb der hauseigenen Label-Produktionen auf <\/span><\/span><span style=\"color: #000000\"><span lang=\"de-DE\"><b>Papagayo<\/b><\/span><\/span><span style=\"color: #000000\"><span lang=\"de-DE\">,<\/span><\/span><span style=\"color: #000000\"><span lang=\"de-DE\"><b> Carlton Records<\/b><\/span><\/span><span style=\"color: #000000\"><span lang=\"de-DE\"> und <\/span><\/span><span style=\"color: #000000\"><span lang=\"de-DE\"><b>Comedy. <\/b><\/span><\/span><span style=\"color: #000000\"><span lang=\"de-DE\">Heute hat Carlton erfolgreich f\u00fcr weitere Partner und ihre Tontr\u00e4gerproduktionen den Vertrieb \u00fcbernommen.<\/span><\/span><\/p>\n<p style=\"text-align: left\" align=\"LEFT\"><b><\/b><span style=\"color: #262626\"><b>Musik ist eine Sprache, die die ganze Welt versteht.<\/b><\/span><span style=\"color: #262626\">\u2028 Aus diesem Grund bem\u00fcht sich unser sprachgewandtes Team der internationalen Abteilung um die Gewinnung neuer Partner und die Pflege bestehender Gesch\u00e4ftsverbindungen auf der ganzen Welt. Ziel ist der Neuerwerb ausl\u00e4ndischer Urheberrechte und die Vergabe eigener Urheberrechte ins Ausland, die Betreuung und Auswertung der Titel und Kataloge und der Aufbau eines vertrauensvollen gesch\u00e4ftlichen Verh\u00e4ltnisses \u00fcber viele Jahre.<\/span><\/p>\n<p style=\"text-align: left\" align=\"LEFT\"><strong>Im Jahre 2022 wurden die GERIG Musikverlage durch AP und ROBA Music Publishing in Hamburg \u00fcbernommen, die die Tradition des Verlages fortf\u00fchrend.<\/strong><\/p>\n<p><strong><i>Ihr GERIG-Team<\/i><\/strong><\/p>\n<div><\/div>\n<div><\/div>\n","protected":false},"excerpt":{"rendered":"<p>Herzlich Willkommen Die Musikverlage Hans Gerig KG geh\u00f6ren zu den unabh\u00e4ngigen Musikverlagen Deutschlands. 1946 wurden sie von Dr. Hans Gerig gegr\u00fcndet. 1978 \u00fcbernahm G\u00fcnter Ilgner die Firma. Seitdem befindet der Verlag sich in Familienbesitz. \u00dcber 30.000 Copyrights sind bei den Musikverlagen Hans Gerig verlegt. Sie umfassen zahlreiche Stilrichtungen von Schlager, Stimmung und Karneval, \u00fcber Rock [&hellip;]<\/p>\n","protected":false},"author":1,"featured_media":0,"parent":0,"menu_order":0,"comment_status":"closed","ping_status":"open","template":"","meta":{"footnotes":""},"class_list":["post-3","page","type-page","status-publish","hentry"],"_links":{"self":[{"href":"https:\/\/gerig.de\/de\/wp-json\/wp\/v2\/pages\/3","targetHints":{"allow":["GET"]}}],"collection":[{"href":"https:\/\/gerig.de\/de\/wp-json\/wp\/v2\/pages"}],"about":[{"href":"https:\/\/gerig.de\/de\/wp-json\/wp\/v2\/types\/page"}],"author":[{"embeddable":true,"href":"https:\/\/gerig.de\/de\/wp-json\/wp\/v2\/users\/1"}],"replies":[{"embeddable":true,"href":"https:\/\/gerig.de\/de\/wp-json\/wp\/v2\/comments?post=3"}],"version-history":[{"count":17,"href":"https:\/\/gerig.de\/de\/wp-json\/wp\/v2\/pages\/3\/revisions"}],"predecessor-version":[{"id":1909,"href":"https:\/\/gerig.de\/de\/wp-json\/wp\/v2\/pages\/3\/revisions\/1909"}],"wp:attachment":[{"href":"https:\/\/gerig.de\/de\/wp-json\/wp\/v2\/media?parent=3"}],"curies":[{"name":"wp","href":"https:\/\/api.w.org\/{rel}","templated":true}]}}